{"id":1768,"date":"2023-11-03T20:16:48","date_gmt":"2023-11-03T19:16:48","guid":{"rendered":"https:\/\/alemantura.com\/?page_id=1768"},"modified":"2026-04-05T18:56:44","modified_gmt":"2026-04-05T16:56:44","slug":"cuestionario","status":"publish","type":"page","link":"https:\/\/alemantura.com\/deutsch\/cuestionario\/","title":{"rendered":"Contacto \/ Cuestionario"},"content":{"rendered":"<div data-elementor-type=\"wp-page\" data-elementor-id=\"1768\" class=\"elementor elementor-1768\">\n\t\t\t\t\t\t<section class=\"elementor-section elementor-top-section elementor-element elementor-element-4569963 elementor-section-boxed elementor-section-height-default elementor-section-height-default\" data-id=\"4569963\" data-element_type=\"section\">\n\t\t\t\t\t\t<div class=\"elementor-container elementor-column-gap-default\">\n\t\t\t\t\t<div class=\"elementor-column elementor-col-100 elementor-top-column elementor-element elementor-element-0e08e1b\" data-id=\"0e08e1b\" data-element_type=\"column\">\n\t\t\t<div class=\"elementor-widget-wrap elementor-element-populated\">\n\t\t\t\t\t\t<div class=\"elementor-element elementor-element-49f7777 elementor-widget elementor-widget-spacer\" data-id=\"49f7777\" data-element_type=\"widget\" data-widget_type=\"spacer.default\">\n\t\t\t\t<div class=\"elementor-widget-container\">\n\t\t\t\t\t\t\t<div class=\"elementor-spacer\">\n\t\t\t<div class=\"elementor-spacer-inner\"><\/div>\n\t\t<\/div>\n\t\t\t\t\t\t<\/div>\n\t\t\t\t<\/div>\n\t\t\t\t<div class=\"elementor-element elementor-element-91b5d86 elementor-widget elementor-widget-heading\" data-id=\"91b5d86\" data-element_type=\"widget\" data-widget_type=\"heading.default\">\n\t\t\t\t<div class=\"elementor-widget-container\">\n\t\t\t\t\t<h2 class=\"elementor-heading-title elementor-size-default\">Cuestionario<\/h2>\t\t\t\t<\/div>\n\t\t\t\t<\/div>\n\t\t\t\t<div class=\"elementor-element elementor-element-50aae24 elementor-widget elementor-widget-heading\" data-id=\"50aae24\" data-element_type=\"widget\" data-widget_type=\"heading.default\">\n\t\t\t\t<div class=\"elementor-widget-container\">\n\t\t\t\t\t<h4 class=\"elementor-heading-title elementor-size-default\">Por favor rellena este cuestionario para que ya tengamos los detalles necesarios para conocer tu situaci\u00f3n y para contactarte.<\/h4>\t\t\t\t<\/div>\n\t\t\t\t<\/div>\n\t\t\t\t\t<\/div>\n\t\t<\/div>\n\t\t\t\t\t<\/div>\n\t\t<\/section>\n\t\t\t\t<section class=\"elementor-section elementor-top-section elementor-element elementor-element-4dd488f elementor-section-boxed elementor-section-height-default elementor-section-height-default\" data-id=\"4dd488f\" data-element_type=\"section\">\n\t\t\t\t\t\t<div class=\"elementor-container elementor-column-gap-default\">\n\t\t\t\t\t<div class=\"elementor-column elementor-col-100 elementor-top-column elementor-element elementor-element-923aeba\" data-id=\"923aeba\" data-element_type=\"column\">\n\t\t\t<div class=\"elementor-widget-wrap elementor-element-populated\">\n\t\t\t\t\t\t<div class=\"elementor-element elementor-element-7958b8e elementor-widget elementor-widget-wpforms\" data-id=\"7958b8e\" data-element_type=\"widget\" data-widget_type=\"wpforms.default\">\n\t\t\t\t<div class=\"elementor-widget-container\">\n\t\t\t\t\t<div class=\"wpforms-container\" id=\"wpforms-4053\"><form id=\"wpforms-form-4053\" class=\"wpforms-validate wpforms-form wpforms-ajax-form\" data-formid=\"4053\" method=\"post\" enctype=\"multipart\/form-data\" action=\"\/deutsch\/wp-json\/wp\/v2\/pages\/1768\" data-token=\"c14307eb6a4d098ecd5713e8e5142992\" data-token-time=\"1776594193\" data-trp-original-action=\"\/deutsch\/wp-json\/wp\/v2\/pages\/1768\"><noscript class=\"wpforms-error-noscript\">Bitte aktiviere JavaScript in deinem Browser, um dieses Formular fertigzustellen.<\/noscript><div class=\"wpforms-page-indicator progress\" data-indicator=\"progress\" data-indicator-color=\"#72b239\" data-scroll=\"1\"><span class=\"wpforms-page-indicator-page-title\" ><\/span><span class=\"wpforms-page-indicator-page-title-sep\" style=\"display:none;\"> - <\/span><span class=\"wpforms-page-indicator-steps\">Step <span class=\"wpforms-page-indicator-steps-current\">1<\/span> of 3<\/span><div class=\"wpforms-page-indicator-page-progress-wrap\"><div class=\"wpforms-page-indicator-page-progress\" style=\"width:33.333333333333%;background-color:#72b239\"><\/div><\/div><\/div><div class=\"wpforms-field-container\"><div class=\"wpforms-page wpforms-page-1\" data-page=\"1\"><div id=\"wpforms-4053-field_20-container\" class=\"wpforms-field wpforms-field-pagebreak\" data-field-id=\"20\"><\/div><div id=\"wpforms-4053-field_18-container\" class=\"wpforms-field wpforms-field-text\" data-field-id=\"18\"><label class=\"wpforms-field-label\" for=\"wpforms-4053-field_18\">Vorname und Nachname <span class=\"wpforms-required-label\">*<\/span><\/label><input type=\"text\" id=\"wpforms-4053-field_18\" class=\"wpforms-field-medium wpforms-field-required\" name=\"wpforms[fields][18]\" required><\/div><div id=\"wpforms-4053-field_17-container\" class=\"wpforms-field wpforms-field-email\" data-field-id=\"17\"><label class=\"wpforms-field-label\" for=\"wpforms-4053-field_17\">E-Mail<\/label><input type=\"email\" id=\"wpforms-4053-field_17\" class=\"wpforms-field-medium\" name=\"wpforms[fields][17]\" spellcheck=\"false\" ><\/div><div id=\"wpforms-4053-field_4-container\" class=\"wpforms-field wpforms-field-text\" data-field-id=\"4\"><label class=\"wpforms-field-label\" for=\"wpforms-4053-field_4\">N\u00famero de WhatsApp (con prefijo de pa\u00eds!) <span class=\"wpforms-required-label\">*<\/span><\/label><input type=\"text\" id=\"wpforms-4053-field_4\" class=\"wpforms-field-medium wpforms-field-required\" name=\"wpforms[fields][4]\" required><\/div><div id=\"wpforms-4053-field_19-container\" class=\"wpforms-field wpforms-field-pagebreak\" data-field-id=\"19\"><div class=\"wpforms-clear wpforms-pagebreak-left\"><button class=\"wpforms-page-button wpforms-page-next\" data-action=\"next\" data-page=\"1\" data-formid=\"4053\" disabled>seguir<\/button><\/div><\/div><\/div><div class=\"wpforms-page wpforms-page-2\" data-page=\"2\" style=\"display:none;\"><div id=\"wpforms-4053-field_16-container\" class=\"wpforms-field wpforms-field-text\" data-field-id=\"16\"><label class=\"wpforms-field-label\" for=\"wpforms-4053-field_16\">Edad<\/label><input type=\"text\" id=\"wpforms-4053-field_16\" class=\"wpforms-field-medium\" name=\"wpforms[fields][16]\" ><\/div><div id=\"wpforms-4053-field_14-container\" class=\"wpforms-field wpforms-field-text\" data-field-id=\"14\"><label class=\"wpforms-field-label\" for=\"wpforms-4053-field_14\">Pa\u00eds (si se diferencia: Nacionalidad) <span class=\"wpforms-required-label\">*<\/span><\/label><input type=\"text\" id=\"wpforms-4053-field_14\" class=\"wpforms-field-medium wpforms-field-required\" name=\"wpforms[fields][14]\" required><\/div><div id=\"wpforms-4053-field_12-container\" class=\"wpforms-field wpforms-field-textarea\" data-field-id=\"12\"><label class=\"wpforms-field-label\" for=\"wpforms-4053-field_12\">\u00bfEn que quisieras tener nuestro apoyo? <span class=\"wpforms-required-label\">*<\/span><\/label><textarea id=\"wpforms-4053-field_12\" class=\"wpforms-field-medium wpforms-field-required\" name=\"wpforms[fields][12]\" required><\/textarea><\/div><div id=\"wpforms-4053-field_5-container\" class=\"wpforms-field wpforms-field-radio\" data-field-id=\"5\"><label class=\"wpforms-field-label\">\u00bfCuentas con un t\u00edtulo universitario? <span class=\"wpforms-required-label\">*<\/span><\/label><ul id=\"wpforms-4053-field_5\" class=\"wpforms-field-required\"><li class=\"choice-1 depth-1\"><input type=\"radio\" id=\"wpforms-4053-field_5_1\" name=\"wpforms[fields][5]\" value=\"Si\" required><label class=\"wpforms-field-label-inline\" for=\"wpforms-4053-field_5_1\">Ja<\/label><\/li><li class=\"choice-2 depth-1\"><input type=\"radio\" id=\"wpforms-4053-field_5_2\" name=\"wpforms[fields][5]\" value=\"No, pero un t\u00e9cnico (m\u00ednimo una carrera de 2 a\u00f1os)\" required><label class=\"wpforms-field-label-inline\" for=\"wpforms-4053-field_5_2\">No, pero un t\u00e9cnico (m\u00ednimo una carrera de 2 a\u00f1os)<\/label><\/li><li class=\"choice-3 depth-1\"><input type=\"radio\" id=\"wpforms-4053-field_5_3\" name=\"wpforms[fields][5]\" value=\"No\" required><label class=\"wpforms-field-label-inline\" for=\"wpforms-4053-field_5_3\">Nein<\/label><\/li><\/ul><\/div><div id=\"wpforms-4053-field_11-container\" class=\"wpforms-field wpforms-field-text\" data-field-id=\"11\"><label class=\"wpforms-field-label\" for=\"wpforms-4053-field_11\">\u00bfEn cual carrera?<\/label><input type=\"text\" id=\"wpforms-4053-field_11\" class=\"wpforms-field-medium\" name=\"wpforms[fields][11]\" ><\/div><div id=\"wpforms-4053-field_22-container\" class=\"wpforms-field wpforms-field-pagebreak\" data-field-id=\"22\"><div class=\"wpforms-clear wpforms-pagebreak-left\"><button class=\"wpforms-page-button wpforms-page-next\" data-action=\"next\" data-page=\"2\" data-formid=\"4053\" disabled>seguir<\/button><\/div><\/div><\/div><div class=\"wpforms-page wpforms-page-3 last\" data-page=\"3\" style=\"display:none;\"><div id=\"wpforms-4053-field_7-container\" class=\"wpforms-field wpforms-field-checkbox\" data-field-id=\"7\"><label class=\"wpforms-field-label\">\u00bfSabes alem\u00e1n y\/o ingl\u00e9s? <span class=\"wpforms-required-label\">*<\/span><\/label><ul id=\"wpforms-4053-field_7\" class=\"wpforms-field-required\"><li class=\"choice-7 depth-1\"><input type=\"checkbox\" id=\"wpforms-4053-field_7_7\" name=\"wpforms[fields][7][]\" value=\"Cero Alem\u00e1n\" required><label class=\"wpforms-field-label-inline\" for=\"wpforms-4053-field_7_7\">Cero Alem\u00e1n<\/label><\/li><li class=\"choice-1 depth-1\"><input type=\"checkbox\" id=\"wpforms-4053-field_7_1\" name=\"wpforms[fields][7][]\" value=\"Alem\u00e1n (b\u00e1sico - A1)\" required><label class=\"wpforms-field-label-inline\" for=\"wpforms-4053-field_7_1\">Alem\u00e1n (b\u00e1sico - A1)<\/label><\/li><li class=\"choice-8 depth-1\"><input type=\"checkbox\" id=\"wpforms-4053-field_7_8\" name=\"wpforms[fields][7][]\" value=\"Alem\u00e1n (b\u00e1sico - A2)\" required><label class=\"wpforms-field-label-inline\" for=\"wpforms-4053-field_7_8\">Alem\u00e1n (b\u00e1sico - A2)<\/label><\/li><li class=\"choice-2 depth-1\"><input type=\"checkbox\" id=\"wpforms-4053-field_7_2\" name=\"wpforms[fields][7][]\" value=\"Alem\u00e1n (intermedio - B1)\" required><label class=\"wpforms-field-label-inline\" for=\"wpforms-4053-field_7_2\">Alem\u00e1n (intermedio - B1)<\/label><\/li><li class=\"choice-3 depth-1\"><input type=\"checkbox\" id=\"wpforms-4053-field_7_3\" name=\"wpforms[fields][7][]\" value=\"Alem\u00e1n (avanzado - B2 o mejor)\" required><label class=\"wpforms-field-label-inline\" for=\"wpforms-4053-field_7_3\">Alem\u00e1n (avanzado - B2 o mejor)<\/label><\/li><li class=\"choice-4 depth-1\"><input type=\"checkbox\" id=\"wpforms-4053-field_7_4\" name=\"wpforms[fields][7][]\" value=\"Ingl\u00e9s (b\u00e1sico - A1\/A2)\" required><label class=\"wpforms-field-label-inline\" for=\"wpforms-4053-field_7_4\">Ingl\u00e9s (b\u00e1sico - A1\/A2)<\/label><\/li><li class=\"choice-5 depth-1\"><input type=\"checkbox\" id=\"wpforms-4053-field_7_5\" name=\"wpforms[fields][7][]\" value=\"Ingl\u00e9s (intermedio - A2\/B1)\" required><label class=\"wpforms-field-label-inline\" for=\"wpforms-4053-field_7_5\">Ingl\u00e9s (intermedio - A2\/B1)<\/label><\/li><li class=\"choice-6 depth-1\"><input type=\"checkbox\" id=\"wpforms-4053-field_7_6\" name=\"wpforms[fields][7][]\" value=\"Ingl\u00e9s (avanzado - B2 o mejor)\" required><label class=\"wpforms-field-label-inline\" for=\"wpforms-4053-field_7_6\">Ingl\u00e9s (avanzado - B2 o mejor)<\/label><\/li><\/ul><\/div><div id=\"wpforms-4053-field_24-container\" class=\"wpforms-field wpforms-field-textarea\" data-field-id=\"24\"><label class=\"wpforms-field-label\" for=\"wpforms-4053-field_24\">\u00bfAlgo m\u00e1s que nos quieres decir?<\/label><textarea id=\"wpforms-4053-field_24\" class=\"wpforms-field-medium\" name=\"wpforms[fields][24]\" ><\/textarea><\/div><div id=\"wpforms-4053-field_10-container\" class=\"wpforms-field wpforms-field-gdpr-checkbox\" data-field-id=\"10\"><label class=\"wpforms-field-label\">Einverst\u00e4ndniserkl\u00e4rung (Datenschutz) <span class=\"wpforms-required-label\">*<\/span><\/label><ul id=\"wpforms-4053-field_10\" class=\"wpforms-field-required\"><li class=\"choice-1\"><input type=\"checkbox\" id=\"wpforms-4053-field_10_1\" name=\"wpforms[fields][10][]\" value=\"Estoy de acuerdo que este sitio web almacene la informaci\u00f3n enviada para que puedan responder a mi solicitud.\" required><label class=\"wpforms-field-label-inline\" for=\"wpforms-4053-field_10_1\">Ich bin damit einverstanden, dass diese Website die \u00fcbermittelten Informationen speichert, um meine Anfrage beantworten zu k\u00f6nnen.<\/label><\/li><\/ul><\/div><div id=\"wpforms-4053-field_21-container\" class=\"wpforms-field wpforms-field-pagebreak\" data-field-id=\"21\"><div class=\"wpforms-clear wpforms-pagebreak-left\"><\/div><\/div><\/div><\/div><!-- .wpforms-field-container --><div class=\"wpforms-submit-container\" style=\"display:none;\"><input type=\"hidden\" name=\"wpforms[id]\" value=\"4053\"><input type=\"hidden\" name=\"page_title\" value=\"\"><input type=\"hidden\" name=\"page_url\" value=\"https:\/\/alemantura.com\/deutsch\/wp-json\/wp\/v2\/pages\/1768\"><input type=\"hidden\" name=\"url_referer\" value=\"\"><button type=\"submit\" name=\"wpforms[submit]\" id=\"wpforms-submit-4053\" class=\"wpforms-submit\" data-alt-text=\"enviando...\" data-submit-text=\"Enviar\" aria-live=\"assertive\" value=\"wpforms-submit\">senden<\/button><img decoding=\"async\" src=\"https:\/\/alemantura.com\/wp-content\/plugins\/wpforms\/assets\/images\/submit-spin.svg\" class=\"wpforms-submit-spinner\" style=\"display: none;\" width=\"26\" height=\"26\" alt=\"Wird geladen\"><\/div><input type=\"hidden\" name=\"trp-form-language\" value=\"deutsch\"\/><\/form><\/div>  <!-- .wpforms-container -->\t\t\t\t<\/div>\n\t\t\t\t<\/div>\n\t\t\t\t\t<\/div>\n\t\t<\/div>\n\t\t\t\t\t<\/div>\n\t\t<\/section>\n\t\t\t\t<\/div>","protected":false},"excerpt":{"rendered":"<p>Cuestionario Por favor rellena este cuestionario para que ya tengamos los detalles necesarios para conocer tu situaci\u00f3n y para contactarte. Bitte aktiviere JavaScript in deinem Browser, um dieses Formular fertigzustellen. &#8211; Step 1 of 3Nombre y Apellido *E-MailN\u00famero de WhatsApp (con prefijo de pa\u00eds!) *seguirEdadPa\u00eds (si se diferencia: Nacionalidad) *\u00bfEn que quisieras tener nuestro apoyo? &hellip;<\/p>\n<p class=\"read-more\"> <a class=\"\" href=\"https:\/\/alemantura.com\/deutsch\/cuestionario\/\"> <span class=\"screen-reader-text\">Contacto \/ Cuestionario<\/span> Weiterlesen &raquo;<\/a><\/p>","protected":false},"author":1,"featured_media":0,"parent":0,"menu_order":0,"comment_status":"closed","ping_status":"closed","template":"","meta":{"_monsterinsights_skip_tracking":false,"_monsterinsights_sitenote_active":false,"_monsterinsights_sitenote_note":"","_monsterinsights_sitenote_category":0,"site-sidebar-layout":"no-sidebar","site-content-layout":"page-builder","ast-global-header-display":"","ast-main-header-display":"","ast-hfb-above-header-display":"","ast-hfb-below-header-display":"","ast-hfb-mobile-header-display":"","site-post-title":"disabled","ast-breadcrumbs-content":"","ast-featured-img":"disabled","footer-sml-layout":"","theme-transparent-header-meta":"","adv-header-id-meta":"","stick-header-meta":"","header-above-stick-meta":"","header-main-stick-meta":"","header-below-stick-meta":"","footnotes":""},"class_list":["post-1768","page","type-page","status-publish","hentry"],"yoast_head":"<!-- This site is optimized with the Yoast SEO plugin v25.9 - https:\/\/yoast.com\/wordpress\/plugins\/seo\/ -->\n<title>Contacto \/ Cuestionario - Alemantura<\/title>\n<meta name=\"description\" content=\"\u00a1Comienza tu viaje a Alemania ahora! Completa nuestro cuestionario para que podamos conocerte mejor y saber como te podemos apoyar.\" \/>\n<meta name=\"robots\" content=\"index, follow, max-snippet:-1, max-image-preview:large, max-video-preview:-1\" \/>\n<link rel=\"canonical\" href=\"https:\/\/alemantura.com\/deutsch\/cuestionario\/\" \/>\n<meta property=\"og:locale\" content=\"de_DE\" \/>\n<meta property=\"og:type\" content=\"article\" \/>\n<meta property=\"og:title\" content=\"Contacto \/ Cuestionario - Alemantura\" \/>\n<meta property=\"og:description\" content=\"\u00a1Comienza tu viaje a Alemania ahora! Completa nuestro cuestionario para que podamos conocerte mejor y saber como te podemos apoyar.\" \/>\n<meta property=\"og:url\" content=\"https:\/\/alemantura.com\/deutsch\/cuestionario\/\" \/>\n<meta property=\"og:site_name\" content=\"Alemantura\" \/>\n<meta property=\"article:modified_time\" content=\"2026-04-05T16:56:44+00:00\" \/>\n<meta property=\"og:image\" content=\"https:\/\/alemantura.com\/wp-content\/plugins\/wpforms\/assets\/images\/submit-spin.svg\" \/>\n<meta name=\"twitter:card\" content=\"summary_large_image\" \/>\n<meta name=\"twitter:label1\" content=\"Gesch\u00e4tzte Lesezeit\" \/>\n\t<meta name=\"twitter:data1\" content=\"1\u00a0Minute\" \/>\n<script type=\"application\/ld+json\" class=\"yoast-schema-graph\">{\"@context\":\"https:\/\/schema.org\",\"@graph\":[{\"@type\":\"WebPage\",\"@id\":\"https:\/\/alemantura.com\/cuestionario\/\",\"url\":\"https:\/\/alemantura.com\/cuestionario\/\",\"name\":\"Contacto \/ Cuestionario - Alemantura\",\"isPartOf\":{\"@id\":\"https:\/\/alemantura.com\/#website\"},\"primaryImageOfPage\":{\"@id\":\"https:\/\/alemantura.com\/cuestionario\/#primaryimage\"},\"image\":{\"@id\":\"https:\/\/alemantura.com\/cuestionario\/#primaryimage\"},\"thumbnailUrl\":\"https:\/\/alemantura.com\/wp-content\/plugins\/wpforms\/assets\/images\/submit-spin.svg\",\"datePublished\":\"2023-11-03T19:16:48+00:00\",\"dateModified\":\"2026-04-05T16:56:44+00:00\",\"description\":\"\u00a1Comienza tu viaje a Alemania ahora! Completa nuestro cuestionario para que podamos conocerte mejor y saber como te podemos apoyar.\",\"breadcrumb\":{\"@id\":\"https:\/\/alemantura.com\/cuestionario\/#breadcrumb\"},\"inLanguage\":\"de\",\"potentialAction\":[{\"@type\":\"ReadAction\",\"target\":[\"https:\/\/alemantura.com\/cuestionario\/\"]}]},{\"@type\":\"ImageObject\",\"inLanguage\":\"de\",\"@id\":\"https:\/\/alemantura.com\/cuestionario\/#primaryimage\",\"url\":\"https:\/\/alemantura.com\/wp-content\/plugins\/wpforms\/assets\/images\/submit-spin.svg\",\"contentUrl\":\"https:\/\/alemantura.com\/wp-content\/plugins\/wpforms\/assets\/images\/submit-spin.svg\"},{\"@type\":\"BreadcrumbList\",\"@id\":\"https:\/\/alemantura.com\/cuestionario\/#breadcrumb\",\"itemListElement\":[{\"@type\":\"ListItem\",\"position\":1,\"name\":\"Startseite\",\"item\":\"https:\/\/alemantura.com\/\"},{\"@type\":\"ListItem\",\"position\":2,\"name\":\"Contacto \/ Cuestionario\"}]},{\"@type\":\"WebSite\",\"@id\":\"https:\/\/alemantura.com\/#website\",\"url\":\"https:\/\/alemantura.com\/\",\"name\":\"Alemantura\",\"description\":\"tus expertas para vivir y trabajar en Alemania\",\"publisher\":{\"@id\":\"https:\/\/alemantura.com\/#organization\"},\"potentialAction\":[{\"@type\":\"SearchAction\",\"target\":{\"@type\":\"EntryPoint\",\"urlTemplate\":\"https:\/\/alemantura.com\/?s={search_term_string}\"},\"query-input\":{\"@type\":\"PropertyValueSpecification\",\"valueRequired\":true,\"valueName\":\"search_term_string\"}}],\"inLanguage\":\"de\"},{\"@type\":\"Organization\",\"@id\":\"https:\/\/alemantura.com\/#organization\",\"name\":\"Alemantura\",\"url\":\"https:\/\/alemantura.com\/\",\"logo\":{\"@type\":\"ImageObject\",\"inLanguage\":\"de\",\"@id\":\"https:\/\/alemantura.com\/#\/schema\/logo\/image\/\",\"url\":\"https:\/\/alemantura.com\/wp-content\/uploads\/2023\/03\/cropped-Tu-puente-a-Alemania-2.png\",\"contentUrl\":\"https:\/\/alemantura.com\/wp-content\/uploads\/2023\/03\/cropped-Tu-puente-a-Alemania-2.png\",\"width\":500,\"height\":367,\"caption\":\"Alemantura\"},\"image\":{\"@id\":\"https:\/\/alemantura.com\/#\/schema\/logo\/image\/\"},\"sameAs\":[\"https:\/\/www.instagram.com\/alemantura_\/\"]}]}<\/script>\n<!-- \/ Yoast SEO plugin. -->","yoast_head_json":{"title":"Contacto \/ Cuestionario - Alemantura","description":"\u00a1Comienza tu viaje a Alemania ahora! Completa nuestro cuestionario para que podamos conocerte mejor y saber como te podemos apoyar.","robots":{"index":"index","follow":"follow","max-snippet":"max-snippet:-1","max-image-preview":"max-image-preview:large","max-video-preview":"max-video-preview:-1"},"canonical":"https:\/\/alemantura.com\/deutsch\/cuestionario\/","og_locale":"de_DE","og_type":"article","og_title":"Contacto \/ Cuestionario - Alemantura","og_description":"\u00a1Comienza tu viaje a Alemania ahora! Completa nuestro cuestionario para que podamos conocerte mejor y saber como te podemos apoyar.","og_url":"https:\/\/alemantura.com\/deutsch\/cuestionario\/","og_site_name":"Alemantura","article_modified_time":"2026-04-05T16:56:44+00:00","og_image":[{"url":"https:\/\/alemantura.com\/wp-content\/plugins\/wpforms\/assets\/images\/submit-spin.svg","type":"","width":"","height":""}],"twitter_card":"summary_large_image","twitter_misc":{"Gesch\u00e4tzte Lesezeit":"1\u00a0Minute"},"schema":{"@context":"https:\/\/schema.org","@graph":[{"@type":"WebPage","@id":"https:\/\/alemantura.com\/cuestionario\/","url":"https:\/\/alemantura.com\/cuestionario\/","name":"Contacto \/ Cuestionario - Alemantura","isPartOf":{"@id":"https:\/\/alemantura.com\/#website"},"primaryImageOfPage":{"@id":"https:\/\/alemantura.com\/cuestionario\/#primaryimage"},"image":{"@id":"https:\/\/alemantura.com\/cuestionario\/#primaryimage"},"thumbnailUrl":"https:\/\/alemantura.com\/wp-content\/plugins\/wpforms\/assets\/images\/submit-spin.svg","datePublished":"2023-11-03T19:16:48+00:00","dateModified":"2026-04-05T16:56:44+00:00","description":"\u00a1Comienza tu viaje a Alemania ahora! Completa nuestro cuestionario para que podamos conocerte mejor y saber como te podemos apoyar.","breadcrumb":{"@id":"https:\/\/alemantura.com\/cuestionario\/#breadcrumb"},"inLanguage":"de","potentialAction":[{"@type":"ReadAction","target":["https:\/\/alemantura.com\/cuestionario\/"]}]},{"@type":"ImageObject","inLanguage":"de","@id":"https:\/\/alemantura.com\/cuestionario\/#primaryimage","url":"https:\/\/alemantura.com\/wp-content\/plugins\/wpforms\/assets\/images\/submit-spin.svg","contentUrl":"https:\/\/alemantura.com\/wp-content\/plugins\/wpforms\/assets\/images\/submit-spin.svg"},{"@type":"BreadcrumbList","@id":"https:\/\/alemantura.com\/cuestionario\/#breadcrumb","itemListElement":[{"@type":"ListItem","position":1,"name":"Startseite","item":"https:\/\/alemantura.com\/"},{"@type":"ListItem","position":2,"name":"Contacto \/ Cuestionario"}]},{"@type":"WebSite","@id":"https:\/\/alemantura.com\/#website","url":"https:\/\/alemantura.com\/","name":"Alemantura","description":"tus expertas para vivir y trabajar en Alemania","publisher":{"@id":"https:\/\/alemantura.com\/#organization"},"potentialAction":[{"@type":"SearchAction","target":{"@type":"EntryPoint","urlTemplate":"https:\/\/alemantura.com\/?s={search_term_string}"},"query-input":{"@type":"PropertyValueSpecification","valueRequired":true,"valueName":"search_term_string"}}],"inLanguage":"de"},{"@type":"Organization","@id":"https:\/\/alemantura.com\/#organization","name":"Alemantura","url":"https:\/\/alemantura.com\/","logo":{"@type":"ImageObject","inLanguage":"de","@id":"https:\/\/alemantura.com\/#\/schema\/logo\/image\/","url":"https:\/\/alemantura.com\/wp-content\/uploads\/2023\/03\/cropped-Tu-puente-a-Alemania-2.png","contentUrl":"https:\/\/alemantura.com\/wp-content\/uploads\/2023\/03\/cropped-Tu-puente-a-Alemania-2.png","width":500,"height":367,"caption":"Alemantura"},"image":{"@id":"https:\/\/alemantura.com\/#\/schema\/logo\/image\/"},"sameAs":["https:\/\/www.instagram.com\/alemantura_\/"]}]}},"_links":{"self":[{"href":"https:\/\/alemantura.com\/deutsch\/wp-json\/wp\/v2\/pages\/1768","targetHints":{"allow":["GET"]}}],"collection":[{"href":"https:\/\/alemantura.com\/deutsch\/wp-json\/wp\/v2\/pages"}],"about":[{"href":"https:\/\/alemantura.com\/deutsch\/wp-json\/wp\/v2\/types\/page"}],"author":[{"embeddable":true,"href":"https:\/\/alemantura.com\/deutsch\/wp-json\/wp\/v2\/users\/1"}],"replies":[{"embeddable":true,"href":"https:\/\/alemantura.com\/deutsch\/wp-json\/wp\/v2\/comments?post=1768"}],"version-history":[{"count":30,"href":"https:\/\/alemantura.com\/deutsch\/wp-json\/wp\/v2\/pages\/1768\/revisions"}],"predecessor-version":[{"id":4066,"href":"https:\/\/alemantura.com\/deutsch\/wp-json\/wp\/v2\/pages\/1768\/revisions\/4066"}],"wp:attachment":[{"href":"https:\/\/alemantura.com\/deutsch\/wp-json\/wp\/v2\/media?parent=1768"}],"curies":[{"name":"wp","href":"https:\/\/api.w.org\/{rel}","templated":true}]}}